{"id":782,"date":"2024-01-07T13:35:45","date_gmt":"2024-01-07T13:35:45","guid":{"rendered":"https:\/\/keviauto.com\/?page_id=782"},"modified":"2024-01-07T13:35:45","modified_gmt":"2024-01-07T13:35:45","slug":"our-cars","status":"publish","type":"page","link":"https:\/\/keviauto.com\/?page_id=782","title":{"rendered":"Our Cars"},"content":{"rendered":"\n<div class=\"wrap plugin-container\">\n\n\t\n\t\n\t<h3 class=\"vrc-main-title\">KEVIAUTO<\/h3><div class=\"vrc-search-results-block\">\n\n\t<div class=\"car_result\">\n\t\t<div class=\"vrc-car-result-left\">\n\t\t\t\t\t<img decoding=\"async\" class=\"imgresult\" alt=\"BMW 320\" src=\"https:\/\/keviauto.com\/wp-content\/plugins\/vikrentcar\/admin\/resources\/vthumb_img_8967.jpeg\"\/>\n\t\t\t\t\t<\/div>\n\t\t<div class=\"vrc-car-result-right\">\n\t\t\t<div class=\"vrc-car-result-rightinner\">\n\t\t\t\t<div class=\"vrc-car-result-rightinner-deep\">\n\t\t\t\t\t<div class=\"vrc-car-result-inner\">\n\t\t\t\t\t\t<h4 class=\"vrc-car-name\">\n\t\t\t\t\t\t\t<a href=\"https:\/\/keviauto.com\/?page_id=782&amp;option=com_vikrentcar&amp;view=cardetails&amp;carid=5\">BMW 320<\/a>\n\t\t\t\t\t\t<\/h4>\n\t\t\t\t\t\t\t\t\t\t\t<div class=\"vrc-car-result-description\">\n\t\t\t\t\t\tAutomobilis 2009 met\u0173. Face lift modelis. Multifunkcinis vairas.\t\t\t\t\t\t<\/div>\n\t\t\t\t\t\t\t\t\t\t\t\t\t<div class=\"vrc-car-characteristics\">\n\t\t\t\t\t\t\t\t<div class=\"vrccaratsdiv\"><div class=\"vrccarcarat\"><span class=\"vrc-carat-cont\"><span class=\"vrc-expl\" data-vrc-expl=\"A\/C\"><i class=\"fas fa-snowflake\"><\/i><\/span><\/span>\n<\/div><div class=\"vrccarcarat\"><span class=\"vrc-carat-cont\"><span class=\"vrc-expl\" data-vrc-expl=\"Atstumo jutikli\u0173 sistema\"><i class=\"fas fa-parking\"><\/i><\/span><\/span>\n<\/div><div class=\"vrccarcarat\"><span class=\"vrc-carat-cont\"><span class=\"vrc-expl\" data-vrc-expl=\"Dyzelinas\"><i class=\"fas fa-gas-pump\"><\/i><\/span><\/span>\n<\/div><div class=\"vrccarcarat\"><span class=\"vrc-carat-cont\"><span class=\"vrc-expl\" data-vrc-expl=\"Automatin\u0117 pavar\u0173 d\u0117\u017e\u0117\"><i class=\"fas fa-cogs\"><\/i><\/span><\/span>\n<\/div><div class=\"vrccarcarat\"><span class=\"vrc-carat-cont\"><span class=\"vrc-expl\" data-vrc-expl=\"Autopilotas\"><i class=\"fas fa-tachometer-alt\"><\/i><\/span><\/span>\n<\/div><div class=\"vrccarcarat\"><span class=\"vrc-carat-cont\"><span class=\"vrc-expl\" data-vrc-expl=\"Laisv\u0173 rank\u0173 \u012franga\"><i class=\"fas fa-phone-volume\"><\/i><\/span><\/span>\n<\/div><\/div>\n\t\t\t\t\t\t\t<\/div>\n\t\t\t\t\t\t\t\t\t\t\t\t<\/div>\n\t\t\t\t\t<div class=\"vrc-car-lastblock\">\n\t\t\t\t\t\t<div class=\"vrc-car-price\">\n\t\t\t\t\t\t\t<div class=\"vrcsrowpricediv\">\n\t\t\t\t\t\t\t\t\t\t\t\t\t\t\t<span class=\"vrcstartfrom\">Starting from<\/span>\n\t\t\t\t\t\t\t\t<span class=\"car_cost\"><span class=\"vrc_currency\">\u20ac<\/span> <span class=\"vrc_price\">30.00<\/span><\/span>\n\t\t\t\t\t\t\t\t\t\t\t\t\t\t<\/div>\n\t\t\t\t\t\t<\/div>\n\t\t\t\t\t\t<div class=\"vrc-car-bookingbtn\">\n\t\t\t\t\t\t\t<span class=\"vrclistgoon\"><a class=\"btn vrc-pref-color-btn\" href=\"https:\/\/keviauto.com\/?page_id=782&amp;option=com_vikrentcar&amp;view=cardetails&amp;carid=5\">View Details<\/a><\/span>\n\t\t\t\t\t\t<\/div>\n\t\t\t\t\t<\/div>\n\t\t\t\t<\/div>\n\t\t\t<\/div>\n\t\t<\/div>\n\t<\/div>\n\t<div class=\"car_separator\"><\/div>\n\t\t<div class=\"car_result\">\n\t\t<div class=\"vrc-car-result-left\">\n\t\t\t\t<\/div>\n\t\t<div class=\"vrc-car-result-right\">\n\t\t\t<div class=\"vrc-car-result-rightinner\">\n\t\t\t\t<div class=\"vrc-car-result-rightinner-deep\">\n\t\t\t\t\t<div class=\"vrc-car-result-inner\">\n\t\t\t\t\t\t<h4 class=\"vrc-car-name\">\n\t\t\t\t\t\t\t<a href=\"https:\/\/keviauto.com\/?page_id=782&amp;option=com_vikrentcar&amp;view=cardetails&amp;carid=12\">VW Golf Sportsvan<\/a>\n\t\t\t\t\t\t<\/h4>\n\t\t\t\t\t\t\t\t\t\t\t<div class=\"vrc-car-category\">Miesto automobilis<\/div>\n\t\t\t\t\t\t\t\t\t\t\t\t<div class=\"vrc-car-result-description\">\n\t\t\t\t\t\tAutomobilis 2014 met\u0173.\t\t\t\t\t\t<\/div>\n\t\t\t\t\t\t\t\t\t\t\t\t\t<div class=\"vrc-car-characteristics\">\n\t\t\t\t\t\t\t\t<div class=\"vrccaratsdiv\"><div class=\"vrccarcarat\"><span class=\"vrc-carat-cont\"><span class=\"vrc-expl\" data-vrc-expl=\"A\/C\"><i class=\"fas fa-snowflake\"><\/i><\/span><\/span>\n<\/div><div class=\"vrccarcarat\"><span class=\"vrc-carat-cont\"><span class=\"vrc-expl\" data-vrc-expl=\"Atstumo jutikli\u0173 sistema\"><i class=\"fas fa-parking\"><\/i><\/span><\/span>\n<\/div><div class=\"vrccarcarat\"><span class=\"vrc-carat-cont\"><span class=\"vrc-expl\" data-vrc-expl=\"Benzinas\"><i class=\"fas fa-gas-pump\"><\/i><\/span><\/span>\n<\/div><div class=\"vrccarcarat\"><span class=\"vrc-carat-cont\"><span class=\"vrc-expl\" data-vrc-expl=\"Automatin\u0117 pavar\u0173 d\u0117\u017e\u0117\"><i class=\"fas fa-cogs\"><\/i><\/span><\/span>\n<\/div><div class=\"vrccarcarat\"><span class=\"vrc-carat-cont\"><span class=\"vrc-expl\" data-vrc-expl=\"\u0160ildomos s\u0117dyn\u0117s\"><i class=\"fas fa-temperature-high\"><\/i><\/span><\/span>\n<\/div><div class=\"vrccarcarat\"><span class=\"vrc-carat-cont\">\u0160ildomas vairas<\/span>\n<\/div><div class=\"vrccarcarat\"><span class=\"vrc-carat-cont\">Distronikas<\/span>\n<\/div><\/div>\n\t\t\t\t\t\t\t<\/div>\n\t\t\t\t\t\t\t\t\t\t\t\t<\/div>\n\t\t\t\t\t<div class=\"vrc-car-lastblock\">\n\t\t\t\t\t\t<div class=\"vrc-car-price\">\n\t\t\t\t\t\t\t<div class=\"vrcsrowpricediv\">\n\t\t\t\t\t\t\t\t\t\t\t\t\t\t\t<span class=\"vrcstartfrom\">Starting from<\/span>\n\t\t\t\t\t\t\t\t<span class=\"car_cost\"><span class=\"vrc_currency\">\u20ac<\/span> <span class=\"vrc_price\">30.00<\/span><\/span>\n\t\t\t\t\t\t\t\t\t\t\t\t\t\t<\/div>\n\t\t\t\t\t\t<\/div>\n\t\t\t\t\t\t<div class=\"vrc-car-bookingbtn\">\n\t\t\t\t\t\t\t<span class=\"vrclistgoon\"><a class=\"btn vrc-pref-color-btn\" href=\"https:\/\/keviauto.com\/?page_id=782&amp;option=com_vikrentcar&amp;view=cardetails&amp;carid=12\">View Details<\/a><\/span>\n\t\t\t\t\t\t<\/div>\n\t\t\t\t\t<\/div>\n\t\t\t\t<\/div>\n\t\t\t<\/div>\n\t\t<\/div>\n\t<\/div>\n\t<div class=\"car_separator\"><\/div>\n\t\t<div class=\"car_result\">\n\t\t<div class=\"vrc-car-result-left\">\n\t\t\t\t\t<img decoding=\"async\" class=\"imgresult\" alt=\"VW Passat\" src=\"https:\/\/keviauto.com\/wp-content\/plugins\/vikrentcar\/admin\/resources\/vthumb_passat-scaled.jpg\"\/>\n\t\t\t\t\t<\/div>\n\t\t<div class=\"vrc-car-result-right\">\n\t\t\t<div class=\"vrc-car-result-rightinner\">\n\t\t\t\t<div class=\"vrc-car-result-rightinner-deep\">\n\t\t\t\t\t<div class=\"vrc-car-result-inner\">\n\t\t\t\t\t\t<h4 class=\"vrc-car-name\">\n\t\t\t\t\t\t\t<a href=\"https:\/\/keviauto.com\/?page_id=782&amp;option=com_vikrentcar&amp;view=cardetails&amp;carid=4\">VW Passat<\/a>\n\t\t\t\t\t\t<\/h4>\n\t\t\t\t\t\t\t\t\t\t\t<div class=\"vrc-car-result-description\">\n\t\t\t\t\t\tAutomobilis 2011 met\u0173. \t\t\t\t\t\t<\/div>\n\t\t\t\t\t\t\t\t\t\t\t\t\t<div class=\"vrc-car-characteristics\">\n\t\t\t\t\t\t\t\t<div class=\"vrccaratsdiv\"><div class=\"vrccarcarat\"><span class=\"vrc-carat-cont\"><span class=\"vrc-expl\" data-vrc-expl=\"A\/C\"><i class=\"fas fa-snowflake\"><\/i><\/span><\/span>\n<\/div><div class=\"vrccarcarat\"><span class=\"vrc-carat-cont\"><span class=\"vrc-expl\" data-vrc-expl=\"Atstumo jutikli\u0173 sistema\"><i class=\"fas fa-parking\"><\/i><\/span><\/span>\n<\/div><div class=\"vrccarcarat\"><span class=\"vrc-carat-cont\"><span class=\"vrc-expl\" data-vrc-expl=\"Dyzelinas\"><i class=\"fas fa-gas-pump\"><\/i><\/span><\/span>\n<\/div><div class=\"vrccarcarat\"><span class=\"vrc-carat-cont\"><span class=\"vrc-expl\" data-vrc-expl=\"Automatin\u0117 pavar\u0173 d\u0117\u017e\u0117\"><i class=\"fas fa-cogs\"><\/i><\/span><\/span>\n<\/div><div class=\"vrccarcarat\"><span class=\"vrc-carat-cont\"><span class=\"vrc-expl\" data-vrc-expl=\"Autopilotas\"><i class=\"fas fa-tachometer-alt\"><\/i><\/span><\/span>\n<\/div><div class=\"vrccarcarat\"><span class=\"vrc-carat-cont\"><span class=\"vrc-expl\" data-vrc-expl=\"\u0160ildomos s\u0117dyn\u0117s\"><i class=\"fas fa-temperature-high\"><\/i><\/span><\/span>\n<\/div><div class=\"vrccarcarat\"><span class=\"vrc-carat-cont\"><span class=\"vrc-expl\" data-vrc-expl=\"Laisv\u0173 rank\u0173 \u012franga\"><i class=\"fas fa-phone-volume\"><\/i><\/span><\/span>\n<\/div><div class=\"vrccarcarat\"><span class=\"vrc-carat-cont\"><span class=\"vrc-expl\" data-vrc-expl=\"\u0160oninio parkavimo asistentas\"><i class=\"fas fa-hands-helping\"><\/i><\/span><\/span>\n<\/div><\/div>\n\t\t\t\t\t\t\t<\/div>\n\t\t\t\t\t\t\t\t\t\t\t\t<\/div>\n\t\t\t\t\t<div class=\"vrc-car-lastblock\">\n\t\t\t\t\t\t<div class=\"vrc-car-price\">\n\t\t\t\t\t\t\t<div class=\"vrcsrowpricediv\">\n\t\t\t\t\t\t\t\t\t\t\t\t\t\t\t<span class=\"vrcstartfrom\">Starting from<\/span>\n\t\t\t\t\t\t\t\t<span class=\"car_cost\"><span class=\"vrc_currency\">\u20ac<\/span> <span class=\"vrc_price\">35.00<\/span><\/span>\n\t\t\t\t\t\t\t\t\t\t\t\t\t\t<\/div>\n\t\t\t\t\t\t<\/div>\n\t\t\t\t\t\t<div class=\"vrc-car-bookingbtn\">\n\t\t\t\t\t\t\t<span class=\"vrclistgoon\"><a class=\"btn vrc-pref-color-btn\" href=\"https:\/\/keviauto.com\/?page_id=782&amp;option=com_vikrentcar&amp;view=cardetails&amp;carid=4\">View Details<\/a><\/span>\n\t\t\t\t\t\t<\/div>\n\t\t\t\t\t<\/div>\n\t\t\t\t<\/div>\n\t\t\t<\/div>\n\t\t<\/div>\n\t<\/div>\n\t<div class=\"car_separator\"><\/div>\n\t\t<div class=\"car_result\">\n\t\t<div class=\"vrc-car-result-left\">\n\t\t\t\t\t<img decoding=\"async\" class=\"imgresult\" alt=\"Opel Insignia\" src=\"https:\/\/keviauto.com\/wp-content\/plugins\/vikrentcar\/admin\/resources\/vthumb_img_0053.jpeg\"\/>\n\t\t\t\t\t<\/div>\n\t\t<div class=\"vrc-car-result-right\">\n\t\t\t<div class=\"vrc-car-result-rightinner\">\n\t\t\t\t<div class=\"vrc-car-result-rightinner-deep\">\n\t\t\t\t\t<div class=\"vrc-car-result-inner\">\n\t\t\t\t\t\t<h4 class=\"vrc-car-name\">\n\t\t\t\t\t\t\t<a href=\"https:\/\/keviauto.com\/?page_id=782&amp;option=com_vikrentcar&amp;view=cardetails&amp;carid=6\">Opel Insignia<\/a>\n\t\t\t\t\t\t<\/h4>\n\t\t\t\t\t\t\t\t\t\t\t<div class=\"vrc-car-result-description\">\n\t\t\t\t\t\tAutomobilis 2014 met\u0173.\t\t\t\t\t\t<\/div>\n\t\t\t\t\t\t\t\t\t\t\t\t\t<div class=\"vrc-car-characteristics\">\n\t\t\t\t\t\t\t\t<div class=\"vrccaratsdiv\"><div class=\"vrccarcarat\"><span class=\"vrc-carat-cont\"><span class=\"vrc-expl\" data-vrc-expl=\"A\/C\"><i class=\"fas fa-snowflake\"><\/i><\/span><\/span>\n<\/div><div class=\"vrccarcarat\"><span class=\"vrc-carat-cont\"><span class=\"vrc-expl\" data-vrc-expl=\"Atstumo jutikli\u0173 sistema\"><i class=\"fas fa-parking\"><\/i><\/span><\/span>\n<\/div><div class=\"vrccarcarat\"><span class=\"vrc-carat-cont\"><span class=\"vrc-expl\" data-vrc-expl=\"Benzinas\"><i class=\"fas fa-gas-pump\"><\/i><\/span><\/span>\n<\/div><div class=\"vrccarcarat\"><span class=\"vrc-carat-cont\"><span class=\"vrc-expl\" data-vrc-expl=\"Automatin\u0117 pavar\u0173 d\u0117\u017e\u0117\"><i class=\"fas fa-cogs\"><\/i><\/span><\/span>\n<\/div><div class=\"vrccarcarat\"><span class=\"vrc-carat-cont\"><span class=\"vrc-expl\" data-vrc-expl=\"\u0160ildomos s\u0117dyn\u0117s\"><i class=\"fas fa-temperature-high\"><\/i><\/span><\/span>\n<\/div><div class=\"vrccarcarat\"><span class=\"vrc-carat-cont\"><span class=\"vrc-expl\" data-vrc-expl=\"Laisv\u0173 rank\u0173 \u012franga\"><i class=\"fas fa-phone-volume\"><\/i><\/span><\/span>\n<\/div><div class=\"vrccarcarat\"><span class=\"vrc-carat-cont\"><span class=\"vrc-expl\" data-vrc-expl=\"Navigacija\"><i class=\"fas fa-route\"><\/i><\/span><\/span>\n<\/div><div class=\"vrccarcarat\"><span class=\"vrc-carat-cont\"><span class=\"vrc-expl\" data-vrc-expl=\"Galinio vaizdo kamera\"><i class=\"fas fa-video\"><\/i><\/span><\/span>\n<\/div><\/div>\n\t\t\t\t\t\t\t<\/div>\n\t\t\t\t\t\t\t\t\t\t\t\t<\/div>\n\t\t\t\t\t<div class=\"vrc-car-lastblock\">\n\t\t\t\t\t\t<div class=\"vrc-car-price\">\n\t\t\t\t\t\t\t<div class=\"vrcsrowpricediv\">\n\t\t\t\t\t\t\t\t\t\t\t\t\t\t\t<span class=\"vrcstartfrom\">Starting from<\/span>\n\t\t\t\t\t\t\t\t<span class=\"car_cost\"><span class=\"vrc_currency\">\u20ac<\/span> <span class=\"vrc_price\">35.00<\/span><\/span>\n\t\t\t\t\t\t\t\t\t\t\t\t\t\t<\/div>\n\t\t\t\t\t\t<\/div>\n\t\t\t\t\t\t<div class=\"vrc-car-bookingbtn\">\n\t\t\t\t\t\t\t<span class=\"vrclistgoon\"><a class=\"btn vrc-pref-color-btn\" href=\"https:\/\/keviauto.com\/?page_id=782&amp;option=com_vikrentcar&amp;view=cardetails&amp;carid=6\">View Details<\/a><\/span>\n\t\t\t\t\t\t<\/div>\n\t\t\t\t\t<\/div>\n\t\t\t\t<\/div>\n\t\t\t<\/div>\n\t\t<\/div>\n\t<\/div>\n\t<div class=\"car_separator\"><\/div>\n\t\t<div class=\"car_result\">\n\t\t<div class=\"vrc-car-result-left\">\n\t\t\t\t\t<img decoding=\"async\" class=\"imgresult\" alt=\"VW Sharan\" src=\"https:\/\/keviauto.com\/wp-content\/plugins\/vikrentcar\/admin\/resources\/vthumb_img_0033-scaled.jpeg\"\/>\n\t\t\t\t\t<\/div>\n\t\t<div class=\"vrc-car-result-right\">\n\t\t\t<div class=\"vrc-car-result-rightinner\">\n\t\t\t\t<div class=\"vrc-car-result-rightinner-deep\">\n\t\t\t\t\t<div class=\"vrc-car-result-inner\">\n\t\t\t\t\t\t<h4 class=\"vrc-car-name\">\n\t\t\t\t\t\t\t<a href=\"https:\/\/keviauto.com\/?page_id=782&amp;option=com_vikrentcar&amp;view=cardetails&amp;carid=8\">VW Sharan<\/a>\n\t\t\t\t\t\t<\/h4>\n\t\t\t\t\t\t\t\t\t\t\t<div class=\"vrc-car-result-description\">\n\t\t\t\t\t\tAutomobilis 2013 met\u0173. \t\t\t\t\t\t<\/div>\n\t\t\t\t\t\t\t\t\t\t\t\t\t<div class=\"vrc-car-characteristics\">\n\t\t\t\t\t\t\t\t<div class=\"vrccaratsdiv\"><div class=\"vrccarcarat\"><span class=\"vrc-carat-cont\"><span class=\"vrc-expl\" data-vrc-expl=\"A\/C\"><i class=\"fas fa-snowflake\"><\/i><\/span><\/span>\n<\/div><div class=\"vrccarcarat\"><span class=\"vrc-carat-cont\"><span class=\"vrc-expl\" data-vrc-expl=\"7 s\u0117dimos vietos\"><i class=\"fas fa-users\"><\/i><\/span><\/span>\n<\/div><div class=\"vrccarcarat\"><span class=\"vrc-carat-cont\"><span class=\"vrc-expl\" data-vrc-expl=\"Dyzelinas\"><i class=\"fas fa-gas-pump\"><\/i><\/span><\/span>\n<\/div><div class=\"vrccarcarat\"><span class=\"vrc-carat-cont\"><span class=\"vrc-expl\" data-vrc-expl=\"Automatin\u0117 pavar\u0173 d\u0117\u017e\u0117\"><i class=\"fas fa-cogs\"><\/i><\/span><\/span>\n<\/div><div class=\"vrccarcarat\"><span class=\"vrc-carat-cont\"><span class=\"vrc-expl\" data-vrc-expl=\"\u0160ildomos s\u0117dyn\u0117s\"><i class=\"fas fa-temperature-high\"><\/i><\/span><\/span>\n<\/div><div class=\"vrccarcarat\"><span class=\"vrc-carat-cont\"><span class=\"vrc-expl\" data-vrc-expl=\"Laisv\u0173 rank\u0173 \u012franga\"><i class=\"fas fa-phone-volume\"><\/i><\/span><\/span>\n<\/div><\/div>\n\t\t\t\t\t\t\t<\/div>\n\t\t\t\t\t\t\t\t\t\t\t\t<\/div>\n\t\t\t\t\t<div class=\"vrc-car-lastblock\">\n\t\t\t\t\t\t<div class=\"vrc-car-price\">\n\t\t\t\t\t\t\t<div class=\"vrcsrowpricediv\">\n\t\t\t\t\t\t\t\t\t\t\t\t\t\t\t<span class=\"vrcstartfrom\">Starting from<\/span>\n\t\t\t\t\t\t\t\t<span class=\"car_cost\"><span class=\"vrc_currency\">\u20ac<\/span> <span class=\"vrc_price\">35.00<\/span><\/span>\n\t\t\t\t\t\t\t\t\t\t\t\t\t\t<\/div>\n\t\t\t\t\t\t<\/div>\n\t\t\t\t\t\t<div class=\"vrc-car-bookingbtn\">\n\t\t\t\t\t\t\t<span class=\"vrclistgoon\"><a class=\"btn vrc-pref-color-btn\" href=\"https:\/\/keviauto.com\/?page_id=782&amp;option=com_vikrentcar&amp;view=cardetails&amp;carid=8\">View Details<\/a><\/span>\n\t\t\t\t\t\t<\/div>\n\t\t\t\t\t<\/div>\n\t\t\t\t<\/div>\n\t\t\t<\/div>\n\t\t<\/div>\n\t<\/div>\n\t<div class=\"car_separator\"><\/div>\n\t<\/div>\n\n<script type=\"text\/javascript\">\njQuery(document).ready(function() {\n\tif (jQuery('.car_result').length) {\n\t\tjQuery('.car_result').each(function() {\n\t\t\tvar car_img = jQuery(this).find('.vrc-car-result-left').find('img');\n\t\t\tif (car_img.length) {\n\t\t\t\tjQuery(this).find('.vrc-car-result-right').find('.vrc-car-result-rightinner').find('.vrc-car-result-rightinner-deep').find('.vrc-car-result-inner').css('min-height', car_img.height()+'px');\n\t\t\t}\n\t\t});\n\t};\n});\n<\/script>\n\n<\/div>\n\n","protected":false},"excerpt":{"rendered":"","protected":false},"author":1,"featured_media":0,"parent":0,"menu_order":0,"comment_status":"closed","ping_status":"closed","template":"","meta":{"om_disable_all_campaigns":false,"_mi_skip_tracking":false,"_monsterinsights_sitenote_active":false,"_monsterinsights_sitenote_note":"","_monsterinsights_sitenote_category":0,"site-sidebar-layout":"default","site-content-layout":"","ast-site-content-layout":"","site-content-style":"default","site-sidebar-style":"default","ast-global-header-display":"","ast-banner-title-visibility":"","ast-main-header-display":"","ast-hfb-above-header-display":"","ast-hfb-below-header-display":"","ast-hfb-mobile-header-display":"","site-post-title":"","ast-breadcrumbs-content":"","ast-featured-img":"","footer-sml-layout":"","theme-transparent-header-meta":"","adv-header-id-meta":"","stick-header-meta":"","header-above-stick-meta":"","header-main-stick-meta":"","header-below-stick-meta":"","astra-migrate-meta-layouts":"default","ast-page-background-enabled":"default","ast-page-background-meta":{"desktop":{"background-color":"","background-image":"","background-repeat":"repeat","background-position":"center center","background-size":"auto","background-attachment":"scroll","background-type":"","background-media":"","overlay-type":"","overlay-color":"","overlay-gradient":""},"tablet":{"background-color":"","background-image":"","background-repeat":"repeat","background-position":"center center","background-size":"auto","background-attachment":"scroll","background-type":"","background-media":"","overlay-type":"","overlay-color":"","overlay-gradient":""},"mobile":{"background-color":"","background-image":"","background-repeat":"repeat","background-position":"center center","background-size":"auto","background-attachment":"scroll","background-type":"","background-media":"","overlay-type":"","overlay-color":"","overlay-gradient":""}},"ast-content-background-meta":{"desktop":{"background-color":"var(--ast-global-color-5)","background-image":"","background-repeat":"repeat","background-position":"center center","background-size":"auto","background-attachment":"scroll","background-type":"","background-media":"","overlay-type":"","overlay-color":"","overlay-gradient":""},"tablet":{"background-color":"var(--ast-global-color-5)","background-image":"","background-repeat":"repeat","background-position":"center center","background-size":"auto","background-attachment":"scroll","background-type":"","background-media":"","overlay-type":"","overlay-color":"","overlay-gradient":""},"mobile":{"background-color":"var(--ast-global-color-5)","background-image":"","background-repeat":"repeat","background-position":"center center","background-size":"auto","background-attachment":"scroll","background-type":"","background-media":"","overlay-type":"","overlay-color":"","overlay-gradient":""}},"footnotes":""},"class_list":["post-782","page","type-page","status-publish","hentry"],"aioseo_notices":[],"jetpack_sharing_enabled":true,"_links":{"self":[{"href":"https:\/\/keviauto.com\/index.php?rest_route=\/wp\/v2\/pages\/782","targetHints":{"allow":["GET"]}}],"collection":[{"href":"https:\/\/keviauto.com\/index.php?rest_route=\/wp\/v2\/pages"}],"about":[{"href":"https:\/\/keviauto.com\/index.php?rest_route=\/wp\/v2\/types\/page"}],"author":[{"embeddable":true,"href":"https:\/\/keviauto.com\/index.php?rest_route=\/wp\/v2\/users\/1"}],"replies":[{"embeddable":true,"href":"https:\/\/keviauto.com\/index.php?rest_route=%2Fwp%2Fv2%2Fcomments&post=782"}],"version-history":[{"count":0,"href":"https:\/\/keviauto.com\/index.php?rest_route=\/wp\/v2\/pages\/782\/revisions"}],"wp:attachment":[{"href":"https:\/\/keviauto.com\/index.php?rest_route=%2Fwp%2Fv2%2Fmedia&parent=782"}],"curies":[{"name":"wp","href":"https:\/\/api.w.org\/{rel}","templated":true}]}}